{"id":1779,"date":"2023-06-13T15:31:04","date_gmt":"2023-06-13T08:31:04","guid":{"rendered":"https:\/\/mlegend.global\/bao-hanh-dien-tu\/"},"modified":"2023-07-15T00:09:56","modified_gmt":"2023-07-14T17:09:56","slug":"electronic-warranty","status":"publish","type":"page","link":"https:\/\/mlegend.global\/en\/electronic-warranty.html","title":{"rendered":"Warranty"},"content":{"rendered":"\n  <div class=\"banner has-hover is-full-height\" id=\"banner-953966016\">\n          <div class=\"banner-inner fill\">\n        <div class=\"banner-bg fill\" >\n            <div class=\"bg fill bg-fill \"><\/div>\n                                    \n                    <\/div>\n\t\t\n        <div class=\"banner-layers container\">\n            <div class=\"fill banner-link\"><\/div>            \n   <div id=\"text-box-1608381547\" class=\"text-box banner-layer x0 md-x0 lg-x0 y50 md-y50 lg-y50 res-text\">\n                                <div class=\"text-box-content text dark\">\n              \n              <div class=\"text-inner text-left\">\n                  \n\t<div id=\"text-57295418\" class=\"text\">\n\t\t\n<p><strong>Website is under construction.<\/strong><\/p>\n\t\t\n<style>\n#text-57295418 {\n  color: #4f829e;\n}\n#text-57295418 > * {\n  color: #4f829e;\n}\n<\/style>\n\t<\/div>\n\t\n\t<div id=\"text-1184092630\" class=\"text\">\n\t\t\n<h3>Electronic Warranty<\/h3>\n<p>Subscribe to our the newsletter to update latest news<\/p>\n\t\t\n<style>\n#text-1184092630 {\n  font-size: 1.5rem;\n}\n<\/style>\n\t<\/div>\n\t\n\n<div class=\"wpcf7 no-js\" id=\"wpcf7-f588-o1\" lang=\"vi\" dir=\"ltr\" data-wpcf7-id=\"588\">\n<div class=\"screen-reader-response\"><p role=\"status\" aria-live=\"polite\" aria-atomic=\"true\"><\/p> <ul><\/ul><\/div>\n<form action=\"\/en\/wp-json\/wp\/v2\/pages\/1779#wpcf7-f588-o1\" method=\"post\" class=\"wpcf7-form init\" aria-label=\"Form li\u00ean h\u1ec7\" novalidate=\"novalidate\" data-status=\"init\">\n<fieldset class=\"hidden-fields-container\"><input type=\"hidden\" name=\"_wpcf7\" value=\"588\" \/><input type=\"hidden\" name=\"_wpcf7_version\" value=\"6.1.5\" \/><input type=\"hidden\" name=\"_wpcf7_locale\" value=\"vi\" \/><input type=\"hidden\" name=\"_wpcf7_unit_tag\" value=\"wpcf7-f588-o1\" \/><input type=\"hidden\" name=\"_wpcf7_container_post\" value=\"0\" \/><input type=\"hidden\" name=\"_wpcf7_posted_data_hash\" value=\"\" \/>\n<\/fieldset>\n<div class=\"form-sdt\">\n\t<div class=\"left\">\n\t\t<p><span class=\"wpcf7-form-control-wrap\" data-name=\"tel-271\"><input size=\"40\" maxlength=\"400\" class=\"wpcf7-form-control wpcf7-text wpcf7-validates-as-required\" aria-required=\"true\" aria-invalid=\"false\" placeholder=\"Nh\u1eadp email ho\u1eb7c s\u1ed1 \u0111i\u1ec7n tho\u1ea1i...\" value=\"\" type=\"text\" name=\"tel-271\" \/><\/span><br \/>\n\t\t<input class=\"wpcf7-form-control wpcf7-hidden\" value=\"Ch\u01b0a li\u00ean h\u1ec7\" type=\"hidden\" name=\"text\" \/>\n\t\t<\/p>\n\t<\/div>\n\t<div class=\"right\">\n\t\t<p><input class=\"wpcf7-form-control wpcf7-submit has-spinner reg-footer\" type=\"submit\" value=\"\u0110\u0103ng k\u00fd\" \/>\n\t\t<\/p>\n\t<\/div>\n\t<div class=\"clearboth\">\n\t<\/div>\n<\/div><div class=\"wpcf7-response-output\" aria-hidden=\"true\"><\/div>\n<\/form>\n<\/div>\n\n              <\/div>\n           <\/div>\n                            \n<style>\n#text-box-1608381547 {\n  width: 60%;\n}\n#text-box-1608381547 .text-box-content {\n  font-size: 100%;\n}\n@media (min-width:550px) {\n  #text-box-1608381547 {\n    width: 60%;\n  }\n}\n<\/style>\n    <\/div>\n \n        <\/div>\n      <\/div>\n\n            \n<style>\n#banner-953966016 {\n  padding-top: 100%;\n}\n#banner-953966016 .bg.bg-loaded {\n  background-image: 1265;\n}\n<\/style>\n  <\/div>\n\n\n","protected":false},"excerpt":{"rendered":"","protected":false},"author":1,"featured_media":0,"parent":0,"menu_order":0,"comment_status":"closed","ping_status":"closed","template":"page-transparent-header.php","meta":{"footnotes":""},"class_list":["post-1779","page","type-page","status-publish","hentry"],"_links":{"self":[{"href":"https:\/\/mlegend.global\/en\/wp-json\/wp\/v2\/pages\/1779","targetHints":{"allow":["GET"]}}],"collection":[{"href":"https:\/\/mlegend.global\/en\/wp-json\/wp\/v2\/pages"}],"about":[{"href":"https:\/\/mlegend.global\/en\/wp-json\/wp\/v2\/types\/page"}],"author":[{"embeddable":true,"href":"https:\/\/mlegend.global\/en\/wp-json\/wp\/v2\/users\/1"}],"replies":[{"embeddable":true,"href":"https:\/\/mlegend.global\/en\/wp-json\/wp\/v2\/comments?post=1779"}],"version-history":[{"count":5,"href":"https:\/\/mlegend.global\/en\/wp-json\/wp\/v2\/pages\/1779\/revisions"}],"predecessor-version":[{"id":2075,"href":"https:\/\/mlegend.global\/en\/wp-json\/wp\/v2\/pages\/1779\/revisions\/2075"}],"wp:attachment":[{"href":"https:\/\/mlegend.global\/en\/wp-json\/wp\/v2\/media?parent=1779"}],"curies":[{"name":"wp","href":"https:\/\/api.w.org\/{rel}","templated":true}]}}